{"id":3547,"date":"2026-04-10T18:19:54","date_gmt":"2026-04-10T18:19:54","guid":{"rendered":"https:\/\/fotorama.cl\/boda\/?page_id=3547"},"modified":"2026-04-16T02:11:51","modified_gmt":"2026-04-16T02:11:51","slug":"recomendados-de-fotorama","status":"publish","type":"page","link":"https:\/\/fotorama.cl\/boda\/recomendados-de-fotorama\/","title":{"rendered":"Recomendados de fotorama"},"content":{"rendered":"\t\t<div data-elementor-type=\"wp-page\" data-elementor-id=\"3547\" class=\"elementor elementor-3547\" data-elementor-post-type=\"page\">\n\t\t\t\t<div class=\"elementor-element elementor-element-5f982ac e-grid e-con-boxed e-con e-parent\" data-id=\"5f982ac\" data-element_type=\"container\">\n\t\t\t\t\t<div class=\"e-con-inner\">\n\t\t\t\t<div class=\"elementor-element elementor-element-050ecc5 elementor-widget elementor-widget-image\" data-id=\"050ecc5\" data-element_type=\"widget\" data-widget_type=\"image.default\">\n\t\t\t\t<div class=\"elementor-widget-container\">\n\t\t\t\t\t\t\t\t\t\t\t\t\t\t\t<img fetchpriority=\"high\" decoding=\"async\" width=\"1024\" height=\"682\" src=\"https:\/\/fotorama.cl\/boda\/wp-content\/uploads\/2026\/04\/WhatsApp-Image-2026-04-10-at-15.01.42-1024x682.jpeg\" class=\"attachment-large size-large wp-image-3557\" alt=\"\" srcset=\"https:\/\/fotorama.cl\/boda\/wp-content\/uploads\/2026\/04\/WhatsApp-Image-2026-04-10-at-15.01.42-1024x682.jpeg 1024w, https:\/\/fotorama.cl\/boda\/wp-content\/uploads\/2026\/04\/WhatsApp-Image-2026-04-10-at-15.01.42-300x200.jpeg 300w, https:\/\/fotorama.cl\/boda\/wp-content\/uploads\/2026\/04\/WhatsApp-Image-2026-04-10-at-15.01.42-768x511.jpeg 768w, https:\/\/fotorama.cl\/boda\/wp-content\/uploads\/2026\/04\/WhatsApp-Image-2026-04-10-at-15.01.42-570x380.jpeg 570w, https:\/\/fotorama.cl\/boda\/wp-content\/uploads\/2026\/04\/WhatsApp-Image-2026-04-10-at-15.01.42-380x254.jpeg 380w, https:\/\/fotorama.cl\/boda\/wp-content\/uploads\/2026\/04\/WhatsApp-Image-2026-04-10-at-15.01.42-285x190.jpeg 285w, https:\/\/fotorama.cl\/boda\/wp-content\/uploads\/2026\/04\/WhatsApp-Image-2026-04-10-at-15.01.42.jpeg 1280w\" sizes=\"(max-width: 1024px) 100vw, 1024px\" \/>\t\t\t\t\t\t\t\t\t\t\t\t\t\t\t<\/div>\n\t\t\t\t<\/div>\n\t\t\t\t<div class=\"elementor-element elementor-element-06b6b39 elementor-widget elementor-widget-text-editor\" data-id=\"06b6b39\" data-element_type=\"widget\" data-widget_type=\"text-editor.default\">\n\t\t\t\t<div class=\"elementor-widget-container\">\n\t\t\t\t\t\t\t\t\t<h3>Maquillaje y peinado de novias<\/h3><p>Hola! Soy Chantal Cartier maquilladora profesional especializada en novias, formada en Academia Levinia Manfredini con 20 a\u00f1os de experiencia.<\/p><p>Me enfoco en crear un look completamente a tu medida: estudio tu rostro, tonos y estilo para que tu maquillaje combine perfecto con tu vestido, peinado y esencia.<span style=\"font-size: 16px; letter-spacing: 0px;\">Mi objetivo es que te mires y te sientas incre\u00edble, segura y t\u00fa misma en tu gran d\u00eda<\/span><\/p><p>Si quieres, puedo asesorarte y dise\u00f1ar tu look ideal<\/p><h3><a href=\"https:\/\/www.instagram.com\/chantalcartierzamudio\/\">Instagram<\/a><\/h3>\t\t\t\t\t\t\t\t<\/div>\n\t\t\t\t<\/div>\n\t\t\t\t\t<\/div>\n\t\t\t\t<\/div>\n\t\t<div class=\"elementor-element elementor-element-4814311 e-grid e-con-boxed e-con e-parent\" data-id=\"4814311\" data-element_type=\"container\">\n\t\t\t\t\t<div class=\"e-con-inner\">\n\t\t\t\t<div class=\"elementor-element elementor-element-2692c54 elementor-widget elementor-widget-image\" data-id=\"2692c54\" data-element_type=\"widget\" data-widget_type=\"image.default\">\n\t\t\t\t<div class=\"elementor-widget-container\">\n\t\t\t\t\t\t\t\t\t\t\t\t\t\t\t<img decoding=\"async\" width=\"984\" height=\"1024\" src=\"https:\/\/fotorama.cl\/boda\/wp-content\/uploads\/2026\/04\/WhatsApp-Image-2026-03-29-at-17.53.44-984x1024.jpeg\" class=\"attachment-large size-large wp-image-3549\" alt=\"\" srcset=\"https:\/\/fotorama.cl\/boda\/wp-content\/uploads\/2026\/04\/WhatsApp-Image-2026-03-29-at-17.53.44-984x1024.jpeg 984w, https:\/\/fotorama.cl\/boda\/wp-content\/uploads\/2026\/04\/WhatsApp-Image-2026-03-29-at-17.53.44-288x300.jpeg 288w, https:\/\/fotorama.cl\/boda\/wp-content\/uploads\/2026\/04\/WhatsApp-Image-2026-03-29-at-17.53.44-768x799.jpeg 768w, https:\/\/fotorama.cl\/boda\/wp-content\/uploads\/2026\/04\/WhatsApp-Image-2026-03-29-at-17.53.44.jpeg 1080w\" sizes=\"(max-width: 984px) 100vw, 984px\" \/>\t\t\t\t\t\t\t\t\t\t\t\t\t\t\t<\/div>\n\t\t\t\t<\/div>\n\t\t\t\t<div class=\"elementor-element elementor-element-0c1a3d5 elementor-widget elementor-widget-text-editor\" data-id=\"0c1a3d5\" data-element_type=\"widget\" data-widget_type=\"text-editor.default\">\n\t\t\t\t<div class=\"elementor-widget-container\">\n\t\t\t\t\t\t\t\t\t<h2>Saxofonista<\/h2><p>Hola mi nombre es Renato K\u00f6rner, M\u00fasico titulado de la U. de Chile con 30 a\u00f1os de trayectoria. Especialista en saxof\u00f3n, clarinete y flauta traversa, he recorrido escenarios como el Festival de Vi\u00f1a y producciones de TV, orquestas en el \u00e1mbito docto, popular y Jazz.<\/p><p>Como solista en esta especialidsd, ofrezco una propuesta de excelencia y versatilidad t\u00e9cnica, con adaptaciones exclusivas para este tipo de formato.<\/p><p>Mi repertorio incluye Jazz, Bossa Nova, boleros y m\u00fasica popular. Brindo una experiencia sonora impecable para todo tipo de eventos ya sea, corporativos, matrimonios, cumplea\u00f1os, aniversarios e hitos personales, garantizando una atm\u00f3sfera inolvidable<\/p><p><strong>*Renato K\u00f6rner saxofonista*<\/strong><\/p><h3><a href=\"https:\/\/www.instagram.com\/renatokorner\/\">Instagram<\/a><\/h3>\t\t\t\t\t\t\t\t<\/div>\n\t\t\t\t<\/div>\n\t\t\t\t\t<\/div>\n\t\t\t\t<\/div>\n\t\t\t\t<\/div>\n\t\t","protected":false},"excerpt":{"rendered":"<p>Maquillaje y peinado de novias Hola! Soy Chantal Cartier maquilladora profesional especializada en novias, formada en Academia Levinia Manfredini con 20 a\u00f1os de experiencia. Me enfoco en crear un look completamente a tu medida: estudio tu rostro, tonos y estilo para que tu maquillaje combine perfecto con tu vestido, peinado y esencia.Mi objetivo es que<span class=\"post-excerpt-end\">&hellip;<\/span><\/p>\n<p class=\"more-link\"><a href=\"https:\/\/fotorama.cl\/boda\/recomendados-de-fotorama\/\" class=\"themebutton\">Leer m\u00e1s<\/a><\/p>\n","protected":false},"author":1,"featured_media":0,"parent":0,"menu_order":0,"comment_status":"closed","ping_status":"closed","template":"","meta":{"footnotes":""},"class_list":["post-3547","page","type-page","status-publish","hentry"],"aioseo_notices":[],"_links":{"self":[{"href":"https:\/\/fotorama.cl\/boda\/wp-json\/wp\/v2\/pages\/3547","targetHints":{"allow":["GET"]}}],"collection":[{"href":"https:\/\/fotorama.cl\/boda\/wp-json\/wp\/v2\/pages"}],"about":[{"href":"https:\/\/fotorama.cl\/boda\/wp-json\/wp\/v2\/types\/page"}],"author":[{"embeddable":true,"href":"https:\/\/fotorama.cl\/boda\/wp-json\/wp\/v2\/users\/1"}],"replies":[{"embeddable":true,"href":"https:\/\/fotorama.cl\/boda\/wp-json\/wp\/v2\/comments?post=3547"}],"version-history":[{"count":13,"href":"https:\/\/fotorama.cl\/boda\/wp-json\/wp\/v2\/pages\/3547\/revisions"}],"predecessor-version":[{"id":3572,"href":"https:\/\/fotorama.cl\/boda\/wp-json\/wp\/v2\/pages\/3547\/revisions\/3572"}],"wp:attachment":[{"href":"https:\/\/fotorama.cl\/boda\/wp-json\/wp\/v2\/media?parent=3547"}],"curies":[{"name":"wp","href":"https:\/\/api.w.org\/{rel}","templated":true}]}}